{"id":1428,"date":"2024-05-20T19:19:54","date_gmt":"2024-05-20T17:19:54","guid":{"rendered":"https:\/\/www.summerhotelcalella.com\/politica-de-cookies\/"},"modified":"2024-06-13T14:23:19","modified_gmt":"2024-06-13T12:23:19","slug":"politica-de-cookies","status":"publish","type":"page","link":"https:\/\/www.summerhotelcalella.com\/ca\/politica-de-cookies\/","title":{"rendered":"Pol\u00edtica de Cookies"},"content":{"rendered":"\t\t<div data-elementor-type=\"wp-page\" data-elementor-id=\"1428\" class=\"elementor elementor-1428 elementor-454\" data-elementor-post-type=\"page\">\n\t\t\t\t<div class=\"elementor-element elementor-element-64be10c e-flex e-con-boxed e-con e-parent\" data-id=\"64be10c\" data-element_type=\"container\" data-settings=\"{&quot;jet_parallax_layout_list&quot;:[],&quot;background_background&quot;:&quot;classic&quot;}\">\n\t\t\t\t\t<div class=\"e-con-inner\">\n\t\t<div class=\"elementor-element elementor-element-be5f029 e-con-full e-flex e-con e-child\" data-id=\"be5f029\" data-element_type=\"container\" data-settings=\"{&quot;background_background&quot;:&quot;classic&quot;,&quot;jet_parallax_layout_list&quot;:[]}\">\n\t\t\t\t<div class=\"elementor-element elementor-element-7a8b8f4 elementor-widget elementor-widget-heading\" data-id=\"7a8b8f4\" data-element_type=\"widget\" data-widget_type=\"heading.default\">\n\t\t\t\t<div class=\"elementor-widget-container\">\n\t\t\t\t\t<h1 class=\"elementor-heading-title elementor-size-default\">Pol\u00edtica de Cookies<\/h1>\t\t\t\t<\/div>\n\t\t\t\t<\/div>\n\t\t\t\t<\/div>\n\t\t\t\t\t<\/div>\n\t\t\t\t<\/div>\n\t\t<div class=\"elementor-element elementor-element-a4fcb8b e-flex e-con-boxed e-con e-parent\" data-id=\"a4fcb8b\" data-element_type=\"container\" data-settings=\"{&quot;jet_parallax_layout_list&quot;:[]}\">\n\t\t\t\t\t<div class=\"e-con-inner\">\n\t\t<div class=\"elementor-element elementor-element-527428e e-con-full e-flex e-con e-child\" data-id=\"527428e\" data-element_type=\"container\" data-settings=\"{&quot;jet_parallax_layout_list&quot;:[]}\">\n\t\t\t\t<div class=\"elementor-element elementor-element-935be6c elementor-widget elementor-widget-text-editor\" data-id=\"935be6c\" data-element_type=\"widget\" data-widget_type=\"text-editor.default\">\n\t\t\t\t<div class=\"elementor-widget-container\">\n\t\t\t\t\t\t\t\t\t<p><strong>Pol\u00edtica d&#8217;\u00fas de cookies<\/strong><\/p>\n<p>En compliment de l&#8217;article 22.2 de la Llei 34\/2002, de Serveis de la Societat de la Informaci\u00f3, informem els usuaris del nostre lloc web de la nostra Pol\u00edtica d&#8217;\u00fas de Cookies.<\/p>\n<p><strong>Qu\u00e8 \u00e9s una Cookie?<\/strong><\/p>\n<p>Les cookies s\u00f3n arxius que contenen petites quantitats d&#8217;informaci\u00f3 que es descarreguen en el dispositiu de l&#8217;usuari que s&#8217;utilitza quan visites el nostre lloc web. La seva finalitat principal \u00e9s recon\u00e8ixer l&#8217;usuari (mitjan\u00e7ant identificadors que no permeten identificar-lo amb cap persona f\u00edsica) cada vegada que accedeix al lloc web i ens permet, a m\u00e9s, millorar la qualitat i la usabilitat dels nostres llocs web. Les cookies s\u00f3n essencials per al funcionament d&#8217;Internet; no poden danyar l&#8217;equip\/dispositiu de l&#8217;usuari i, si es troben activades en la configuraci\u00f3 del teu navegador, ens ajuden a identificar i resoldre possibles errors de funcionament del nostre lloc web.<\/p>\n<p><strong>Tipus de Cookies<\/strong><\/p>\n<p>Hi ha diferents tipus de cookies. Tots ells treballen de la mateixa manera, per\u00f2 tenen petites difer\u00e8ncies:<\/p>\n<p><strong>Cookies de Sessi\u00f3:<\/strong> Les cookies de sessi\u00f3 duren nom\u00e9s per la durada de la visita i s&#8217;esborran quan l&#8217;usuari tanca el navegador. La seva finalitat principal \u00e9s identificar el tipus de dispositiu, donar suport a la seguretat web o la seva funcionalitat b\u00e0sica. No contenen informaci\u00f3 personal que permeti identificar una persona.<\/p>\n<p><strong>Cookies Persistents o Permanents:<\/strong> S&#8217;emmagatzemen en el disc dur del dispositiu i el lloc web les llegeix cada vegada que l&#8217;usuari realitza una nova visita al lloc web; posseeixen una data de caducitat o expiraci\u00f3 determinada, complerta la qual la cookie deixa de funcionar. Permeten identificar les accions i prefer\u00e8ncies de l&#8217;usuari; analitzar les visites i ajuden a comprendre com arriben els usuaris al lloc web i millorar els serveis oferts pel mateix.<\/p>\n<p><strong>Cookies de Funcionalitat:<\/strong> Permeten recordar decisions adoptades per l&#8217;usuari, com el seu login o identificador. La informaci\u00f3 d&#8217;aquestes cookies \u00e9s an\u00f2nima (\u00e9s a dir, no cont\u00e9 nom, adre\u00e7a, o altres dades personals).<\/p>\n<p><strong>Cookies de Tercers:<\/strong> Les cookies de tercers s\u00f3n les cookies que instal\u00b7la un lloc web que no \u00e9s el que l&#8217;usuari est\u00e0 visitant; per exemple, les usades per xarxes socials (com Facebook) o per complements externs de contingut (com Google Maps).<\/p>\n<p><strong>Cookies Anal\u00edtiques:<\/strong> S\u00f3n cookies que tenen per finalitat el manteniment peri\u00f2dic i garantir el millor funcionament i servei a l&#8217;usuari; recopilant dades de la seva activitat.<\/p>\n<p><strong>\u00das de Cookies per part de Summer Hotel<\/strong><\/p>\n<table border=\"1\">\n<tbody>\n<tr>\n<td>Nom<\/td>\n<td>Propia o de tercers<\/td>\n<td>Durada<\/td>\n<td>Finalitat<\/td>\n<\/tr>\n<tr>\n<td>cookie_alerta<\/td>\n<td>Pr\u00f2pia<\/td>\n<td>durada de la sessi\u00f3 actual<\/td>\n<td>Mostrar av\u00eds de cookie una sola vegada per sessi\u00f3<\/td>\n<\/tr>\n<tr>\n<td>popup_faldon<\/td>\n<td>Pr\u00f2pia<\/td>\n<td>durada de la sessi\u00f3 actual<\/td>\n<td>Mostrar popup oferta una sola vegada per sessi\u00f3 (nom\u00e9s quan hi ha popup d&#8217;ofertes)<\/td>\n<\/tr>\n<tr>\n<td>_utma<\/td>\n<td>Anal\u00edtica de Google<\/td>\n<td>2 anys<\/td>\n<td>Usada per diferenciar entre usuaris i sessions.<\/td>\n<\/tr>\n<tr>\n<td>_utmb<\/td>\n<td>Anal\u00edtica de Google<\/td>\n<td>10 minuts des de la creaci\u00f3 o modificaci\u00f3<\/td>\n<td>Es fa servir per saber si hi ha una nova sessi\u00f3 o visita.<\/td>\n<\/tr>\n<tr>\n<td>_utmc<\/td>\n<td>Anal\u00edtica de Google<\/td>\n<td>En acabar la sessi\u00f3<\/td>\n<td>Es fa servir per facilitar la funcionalitat amb la llibreria urchin.js. Anteriorment, aquesta cookie actuava juntament amb la cookie _utmb per determinar si l&#8217;usuari estava en una nova sessi\u00f3 o visita.<\/td>\n<\/tr>\n<tr>\n<td>_utmz<\/td>\n<td>Anal\u00edtica de Google<\/td>\n<td>6 mesos<\/td>\n<td>Guarda l&#8217;origen del tr\u00e0nsit o la campanya que explica des d&#8217;on arriba l&#8217;usuari fins al lloc Web.<\/td>\n<\/tr>\n<tr>\n<td>_utmt<\/td>\n<td>Anal\u00edtica de Google<\/td>\n<td>En acabar la sessi\u00f3<\/td>\n<td>Es fa servir per definir el tipus de petici\u00f3 de l&#8217; usuari. S&#8217; empra per establir estad\u00edstiques d&#8217; \u00fas de les p\u00e0gines.<\/td>\n<\/tr>\n<tr>\n<td>DoubleClick<\/td>\n<td>Adwords<\/td>\n<td>En acabar la sessi\u00f3<\/td>\n<td>Segmentar el contingut perqu\u00e8 sigui rellevant per als usuaris.<\/td>\n<\/tr>\n<\/tbody>\n<\/table>\n<table border=\"1\">\n<tbody>\n<tr>\n<td>Nom<\/td>\n<td>Informaci\u00f3 tractada<\/td>\n<td>Finalitat<\/td>\n<\/tr>\n<tr>\n<td>Estrictament necess\u00e0ries<\/td>\n<td>Sessi\u00f3 de l&#8217; usuari, detalls del registre, reserves.<\/td>\n<td>Gesti\u00f3 de l&#8217; alta i manteniment de la sessi\u00f3 de l&#8217; usuari, personalitzaci\u00f3 de la navegaci\u00f3, equilibri de c\u00e0rrega<\/td>\n<\/tr>\n<tr>\n<td>Anal\u00edtiques Google Analytics<\/td>\n<td>Webs visitades, freq\u00fc\u00e8ncia, nombre i repetici\u00f3 de les visites, temps de navegaci\u00f3, recerques realitzades, enlla\u00e7os accedits, navegador utilitzat, operador que presta el servei, ubicaci\u00f3 vinculada a l&#8217;adre\u00e7a IP<\/td>\n<td>Mesurar i analitzar la navegaci\u00f3 dels usuaris, seguiment i an\u00e0lisi del comportament dels usuaris, elaboraci\u00f3 de perfils an\u00f2nims de navegaci\u00f3 dels usuaris, introduir millores en funci\u00f3 de l&#8217; an\u00e0lisi de les dades d&#8217; \u00fas que fan els usuaris<\/td>\n<\/tr>\n<tr>\n<td>Google Adwords<\/td>\n<td>Adre\u00e7a IP, recerques realitzades, enlla\u00e7os accedits i anuncis accedits.<\/td>\n<td>Mostrar els productes que m\u00e9s s&#8217; adeq\u00fcin a l&#8217; usuari, segmentar el p\u00fablic objectiu, mesurament de resultats, pressupostos flexibles i detecci\u00f3 de nous mercats.<\/td>\n<\/tr>\n<\/tbody>\n<\/table>\n<p>Mitjan\u00e7ant l&#8217;acc\u00e9s al nostre lloc web, l&#8217;usuari accepta de manera expressa que puguem usar aquest tipus de cookies en els seus dispositius. No obstant, si desactiva les cookies, no afectar\u00e0 la navegaci\u00f3 als nostres llocs web.<\/p>\n<p><strong>Configuraci\u00f3 de l&#8217;usuari per evitar Cookies<\/strong><\/p>\n<p>En navegar i continuar al nostre lloc web estar\u00e0 consentint l&#8217;\u00fas de les cookies en les condicions contingudes en la present &#8220;Pol\u00edtica de cookies&#8221;. Summer Hotel proporciona acc\u00e9s a aquesta &#8220;Pol\u00edtica de cookies&#8221; en el moment de l&#8217;acc\u00e9s per primera vegada, amb l&#8217;objectiu que l&#8217;usuari estigui informat, i sense perjudici que aquest pugui exercir el seu dret a bloquejar, eliminar i rebutjar l&#8217;\u00fas de cookies en tot moment.<\/p>\n<p>En qualsevol cas, informem que les cookies que no s\u00f3n necess\u00e0ries per a l&#8217;\u00fas del nostre lloc web, poden ser bloquejar-les o deshabilitar-les activant la configuraci\u00f3 del seu navegador, que permet rebutjar la instal\u00b7laci\u00f3 de totes les cookies o d&#8217;algunes d&#8217;elles. La majoria dels navegadors permeten advertir de la pres\u00e8ncia de cookies o rebutjar-les autom\u00e0ticament. Si les rebutja podr\u00e0 seguir usant el nostre Lloc Web, encara que l&#8217;\u00fas d&#8217;alguns dels seus serveis podr\u00e0 ser limitat i per tant la seva experi\u00e8ncia en el nostre lloc web menys satisfact\u00f2ria.<\/p>\n<p>La informaci\u00f3 sobre la forma de configurar el seu navegador o navegadors d&#8217;Internet per mantenir la seva privacitat i seguretat en relaci\u00f3 a les cookies la pot consultar als llocs de suport oficials dels principals navegadors. Amb aquests ajuts, l&#8217;usuari pot bloquejar les cookies a trav\u00e9s de les eines de configuraci\u00f3 del navegador o b\u00e9 configurar-lo perqu\u00e8 l&#8217;avisi quan un servidor vulgui guardar una cookie.<\/p>\n<p><strong>Informaci\u00f3 de contacte<\/strong><\/p>\n<p>Qualsevol dubte o consulta sobre aquesta pol\u00edtica d&#8217;\u00fas de cookies ens la pot fer arribar per escrit a la seg\u00fcent adre\u00e7a de correu electr\u00f2nic: info@summer-sorra.com<\/p>\n\t\t\t\t\t\t\t\t<\/div>\n\t\t\t\t<\/div>\n\t\t\t\t<\/div>\n\t\t\t\t\t<\/div>\n\t\t\t\t<\/div>\n\t\t\t\t<\/div>\n\t\t","protected":false},"excerpt":{"rendered":"<p>Pol\u00edtica d&#8217;\u00fas de cookies En compliment de l&#8217;article 22.2 de la Llei 34\/2002, de Serveis de la Societat de la Informaci\u00f3, informem els usuaris del nostre lloc web de la nostra Pol\u00edtica d&#8217;\u00fas de Cookies. Qu\u00e8 \u00e9s una Cookie? Les cookies s\u00f3n arxius que contenen petites quantitats d&#8217;informaci\u00f3 que es descarreguen en el dispositiu de [&hellip;]<\/p>\n","protected":false},"author":1,"featured_media":0,"parent":0,"menu_order":0,"comment_status":"closed","ping_status":"closed","template":"","meta":{"footnotes":""},"class_list":["post-1428","page","type-page","status-publish","hentry"],"yoast_head":"<!-- This site is optimized with the Yoast SEO plugin v26.7 - https:\/\/yoast.com\/wordpress\/plugins\/seo\/ -->\n<title>Pol\u00edtica de Cookies &#8226; Summer Hotel Calella<\/title>\n<meta name=\"description\" content=\"L&#039;Hotel Summer a Calella, equipat amb els millors serveis, est\u00e0 a cinc minuts de la platja i a quaranta-cinc minuts de Barcelona.\" \/>\n<meta name=\"robots\" content=\"index, follow, max-snippet:-1, max-image-preview:large, max-video-preview:-1\" \/>\n<link rel=\"canonical\" href=\"https:\/\/www.summerhotelcalella.com\/ca\/politica-de-cookies\/\" \/>\n<meta property=\"og:locale\" content=\"ca_ES\" \/>\n<meta property=\"og:type\" content=\"article\" \/>\n<meta property=\"og:title\" content=\"Pol\u00edtica de Cookies &#8226; Summer Hotel Calella\" \/>\n<meta property=\"og:description\" content=\"L&#039;Hotel Summer a Calella, equipat amb els millors serveis, est\u00e0 a cinc minuts de la platja i a quaranta-cinc minuts de Barcelona.\" \/>\n<meta property=\"og:url\" content=\"https:\/\/www.summerhotelcalella.com\/ca\/politica-de-cookies\/\" \/>\n<meta property=\"og:site_name\" content=\"Summer Hotel Calella\" \/>\n<meta property=\"article:modified_time\" content=\"2024-06-13T12:23:19+00:00\" \/>\n<meta property=\"og:image\" content=\"https:\/\/www.summerhotelcalella.com\/wp-content\/uploads\/2024\/04\/zonas-summerhotel-01.jpg\" \/>\n\t<meta property=\"og:image:width\" content=\"1280\" \/>\n\t<meta property=\"og:image:height\" content=\"853\" \/>\n\t<meta property=\"og:image:type\" content=\"image\/jpeg\" \/>\n<meta name=\"twitter:card\" content=\"summary_large_image\" \/>\n<meta name=\"twitter:label1\" content=\"Temps estimat de lectura\" \/>\n\t<meta name=\"twitter:data1\" content=\"5 minuts\" \/>\n<script type=\"application\/ld+json\" class=\"yoast-schema-graph\">{\"@context\":\"https:\/\/schema.org\",\"@graph\":[{\"@type\":\"WebPage\",\"@id\":\"https:\/\/www.summerhotelcalella.com\/ca\/politica-de-cookies\/\",\"url\":\"https:\/\/www.summerhotelcalella.com\/ca\/politica-de-cookies\/\",\"name\":\"Pol\u00edtica de Cookies &#8226; Summer Hotel Calella\",\"isPartOf\":{\"@id\":\"https:\/\/www.summerhotelcalella.com\/ca\/#website\"},\"datePublished\":\"2024-05-20T17:19:54+00:00\",\"dateModified\":\"2024-06-13T12:23:19+00:00\",\"description\":\"L'Hotel Summer a Calella, equipat amb els millors serveis, est\u00e0 a cinc minuts de la platja i a quaranta-cinc minuts de Barcelona.\",\"breadcrumb\":{\"@id\":\"https:\/\/www.summerhotelcalella.com\/ca\/politica-de-cookies\/#breadcrumb\"},\"inLanguage\":\"ca\",\"potentialAction\":[{\"@type\":\"ReadAction\",\"target\":[\"https:\/\/www.summerhotelcalella.com\/ca\/politica-de-cookies\/\"]}]},{\"@type\":\"BreadcrumbList\",\"@id\":\"https:\/\/www.summerhotelcalella.com\/ca\/politica-de-cookies\/#breadcrumb\",\"itemListElement\":[{\"@type\":\"ListItem\",\"position\":1,\"name\":\"Portada\",\"item\":\"https:\/\/www.summerhotelcalella.com\/ca\/home\/\"},{\"@type\":\"ListItem\",\"position\":2,\"name\":\"Pol\u00edtica de Cookies\"}]},{\"@type\":\"WebSite\",\"@id\":\"https:\/\/www.summerhotelcalella.com\/ca\/#website\",\"url\":\"https:\/\/www.summerhotelcalella.com\/ca\/\",\"name\":\"Summer Hotel Calella\",\"description\":\"Hotel 4 estrellas en Calella, Barcelona\",\"publisher\":{\"@id\":\"https:\/\/www.summerhotelcalella.com\/ca\/#organization\"},\"alternateName\":\"Summer Hotel Calella\",\"potentialAction\":[{\"@type\":\"SearchAction\",\"target\":{\"@type\":\"EntryPoint\",\"urlTemplate\":\"https:\/\/www.summerhotelcalella.com\/ca\/?s={search_term_string}\"},\"query-input\":{\"@type\":\"PropertyValueSpecification\",\"valueRequired\":true,\"valueName\":\"search_term_string\"}}],\"inLanguage\":\"ca\"},{\"@type\":\"Organization\",\"@id\":\"https:\/\/www.summerhotelcalella.com\/ca\/#organization\",\"name\":\"Summer Hotel\",\"alternateName\":\"Summer Hotel Calella\",\"url\":\"https:\/\/www.summerhotelcalella.com\/ca\/\",\"logo\":{\"@type\":\"ImageObject\",\"inLanguage\":\"ca\",\"@id\":\"https:\/\/www.summerhotelcalella.com\/ca\/#\/schema\/logo\/image\/\",\"url\":\"https:\/\/www.summerhotelcalella.com\/wp-content\/uploads\/2024\/03\/logo-summerhotel_4x.png\",\"contentUrl\":\"https:\/\/www.summerhotelcalella.com\/wp-content\/uploads\/2024\/03\/logo-summerhotel_4x.png\",\"width\":2975,\"height\":617,\"caption\":\"Summer Hotel\"},\"image\":{\"@id\":\"https:\/\/www.summerhotelcalella.com\/ca\/#\/schema\/logo\/image\/\"}}]}<\/script>\n<!-- \/ Yoast SEO plugin. -->","yoast_head_json":{"title":"Pol\u00edtica de Cookies &#8226; Summer Hotel Calella","description":"L'Hotel Summer a Calella, equipat amb els millors serveis, est\u00e0 a cinc minuts de la platja i a quaranta-cinc minuts de Barcelona.","robots":{"index":"index","follow":"follow","max-snippet":"max-snippet:-1","max-image-preview":"max-image-preview:large","max-video-preview":"max-video-preview:-1"},"canonical":"https:\/\/www.summerhotelcalella.com\/ca\/politica-de-cookies\/","og_locale":"ca_ES","og_type":"article","og_title":"Pol\u00edtica de Cookies &#8226; Summer Hotel Calella","og_description":"L'Hotel Summer a Calella, equipat amb els millors serveis, est\u00e0 a cinc minuts de la platja i a quaranta-cinc minuts de Barcelona.","og_url":"https:\/\/www.summerhotelcalella.com\/ca\/politica-de-cookies\/","og_site_name":"Summer Hotel Calella","article_modified_time":"2024-06-13T12:23:19+00:00","og_image":[{"width":1280,"height":853,"url":"https:\/\/www.summerhotelcalella.com\/wp-content\/uploads\/2024\/04\/zonas-summerhotel-01.jpg","type":"image\/jpeg"}],"twitter_card":"summary_large_image","twitter_misc":{"Temps estimat de lectura":"5 minuts"},"schema":{"@context":"https:\/\/schema.org","@graph":[{"@type":"WebPage","@id":"https:\/\/www.summerhotelcalella.com\/ca\/politica-de-cookies\/","url":"https:\/\/www.summerhotelcalella.com\/ca\/politica-de-cookies\/","name":"Pol\u00edtica de Cookies &#8226; Summer Hotel Calella","isPartOf":{"@id":"https:\/\/www.summerhotelcalella.com\/ca\/#website"},"datePublished":"2024-05-20T17:19:54+00:00","dateModified":"2024-06-13T12:23:19+00:00","description":"L'Hotel Summer a Calella, equipat amb els millors serveis, est\u00e0 a cinc minuts de la platja i a quaranta-cinc minuts de Barcelona.","breadcrumb":{"@id":"https:\/\/www.summerhotelcalella.com\/ca\/politica-de-cookies\/#breadcrumb"},"inLanguage":"ca","potentialAction":[{"@type":"ReadAction","target":["https:\/\/www.summerhotelcalella.com\/ca\/politica-de-cookies\/"]}]},{"@type":"BreadcrumbList","@id":"https:\/\/www.summerhotelcalella.com\/ca\/politica-de-cookies\/#breadcrumb","itemListElement":[{"@type":"ListItem","position":1,"name":"Portada","item":"https:\/\/www.summerhotelcalella.com\/ca\/home\/"},{"@type":"ListItem","position":2,"name":"Pol\u00edtica de Cookies"}]},{"@type":"WebSite","@id":"https:\/\/www.summerhotelcalella.com\/ca\/#website","url":"https:\/\/www.summerhotelcalella.com\/ca\/","name":"Summer Hotel Calella","description":"Hotel 4 estrellas en Calella, Barcelona","publisher":{"@id":"https:\/\/www.summerhotelcalella.com\/ca\/#organization"},"alternateName":"Summer Hotel Calella","potentialAction":[{"@type":"SearchAction","target":{"@type":"EntryPoint","urlTemplate":"https:\/\/www.summerhotelcalella.com\/ca\/?s={search_term_string}"},"query-input":{"@type":"PropertyValueSpecification","valueRequired":true,"valueName":"search_term_string"}}],"inLanguage":"ca"},{"@type":"Organization","@id":"https:\/\/www.summerhotelcalella.com\/ca\/#organization","name":"Summer Hotel","alternateName":"Summer Hotel Calella","url":"https:\/\/www.summerhotelcalella.com\/ca\/","logo":{"@type":"ImageObject","inLanguage":"ca","@id":"https:\/\/www.summerhotelcalella.com\/ca\/#\/schema\/logo\/image\/","url":"https:\/\/www.summerhotelcalella.com\/wp-content\/uploads\/2024\/03\/logo-summerhotel_4x.png","contentUrl":"https:\/\/www.summerhotelcalella.com\/wp-content\/uploads\/2024\/03\/logo-summerhotel_4x.png","width":2975,"height":617,"caption":"Summer Hotel"},"image":{"@id":"https:\/\/www.summerhotelcalella.com\/ca\/#\/schema\/logo\/image\/"}}]}},"_links":{"self":[{"href":"https:\/\/www.summerhotelcalella.com\/ca\/wp-json\/wp\/v2\/pages\/1428","targetHints":{"allow":["GET"]}}],"collection":[{"href":"https:\/\/www.summerhotelcalella.com\/ca\/wp-json\/wp\/v2\/pages"}],"about":[{"href":"https:\/\/www.summerhotelcalella.com\/ca\/wp-json\/wp\/v2\/types\/page"}],"author":[{"embeddable":true,"href":"https:\/\/www.summerhotelcalella.com\/ca\/wp-json\/wp\/v2\/users\/1"}],"replies":[{"embeddable":true,"href":"https:\/\/www.summerhotelcalella.com\/ca\/wp-json\/wp\/v2\/comments?post=1428"}],"version-history":[{"count":0,"href":"https:\/\/www.summerhotelcalella.com\/ca\/wp-json\/wp\/v2\/pages\/1428\/revisions"}],"wp:attachment":[{"href":"https:\/\/www.summerhotelcalella.com\/ca\/wp-json\/wp\/v2\/media?parent=1428"}],"curies":[{"name":"wp","href":"https:\/\/api.w.org\/{rel}","templated":true}]}}