{"id":1452,"date":"2024-02-21T13:56:01","date_gmt":"2024-02-21T12:56:01","guid":{"rendered":"https:\/\/www.summerhotelcalella.com\/politica-de-privacitat\/"},"modified":"2024-06-13T16:32:56","modified_gmt":"2024-06-13T14:32:56","slug":"politica-de-privacitat","status":"publish","type":"page","link":"https:\/\/www.summerhotelcalella.com\/ca\/politica-de-privacitat\/","title":{"rendered":"Pol\u00edtica de Privacitat"},"content":{"rendered":"\t\t<div data-elementor-type=\"wp-page\" data-elementor-id=\"1452\" class=\"elementor elementor-1452 elementor-3\" data-elementor-post-type=\"page\">\n\t\t\t\t<div class=\"elementor-element elementor-element-b8ea492 e-flex e-con-boxed e-con e-parent\" data-id=\"b8ea492\" data-element_type=\"container\" data-settings=\"{&quot;jet_parallax_layout_list&quot;:[],&quot;background_background&quot;:&quot;classic&quot;}\">\n\t\t\t\t\t<div class=\"e-con-inner\">\n\t\t<div class=\"elementor-element elementor-element-4230d15 e-con-full e-flex e-con e-child\" data-id=\"4230d15\" data-element_type=\"container\" data-settings=\"{&quot;background_background&quot;:&quot;classic&quot;,&quot;jet_parallax_layout_list&quot;:[]}\">\n\t\t\t\t<div class=\"elementor-element elementor-element-91c6b0d elementor-widget elementor-widget-heading\" data-id=\"91c6b0d\" data-element_type=\"widget\" data-widget_type=\"heading.default\">\n\t\t\t\t<div class=\"elementor-widget-container\">\n\t\t\t\t\t<h1 class=\"elementor-heading-title elementor-size-default\">Pol\u00edtica de Privacitat<\/h1>\t\t\t\t<\/div>\n\t\t\t\t<\/div>\n\t\t\t\t<\/div>\n\t\t\t\t\t<\/div>\n\t\t\t\t<\/div>\n\t\t<div class=\"elementor-element elementor-element-25ead89 e-flex e-con-boxed e-con e-parent\" data-id=\"25ead89\" data-element_type=\"container\" data-settings=\"{&quot;jet_parallax_layout_list&quot;:[]}\">\n\t\t\t\t\t<div class=\"e-con-inner\">\n\t\t<div class=\"elementor-element elementor-element-f6cca25 e-con-full e-flex e-con e-child\" data-id=\"f6cca25\" data-element_type=\"container\" data-settings=\"{&quot;jet_parallax_layout_list&quot;:[]}\">\n\t\t\t\t<div class=\"elementor-element elementor-element-013597a elementor-widget elementor-widget-text-editor\" data-id=\"013597a\" data-element_type=\"widget\" data-widget_type=\"text-editor.default\">\n\t\t\t\t<div class=\"elementor-widget-container\">\n\t\t\t\t\t\t\t\t\t<p><strong>Pol\u00edtica de Privacitat<\/strong><\/p>\n<p>En virtut del que preveu el Reglament (UE) 2016\/679 del Parlament Europeu i del Consell, de 27 d&#8217;abril de 2016, relatiu a la protecci\u00f3 de les persones f\u00edsiques pel que fa al tractament de dades personals i a la lliure circulaci\u00f3 d&#8217;aquestes dades i pel qual es deroga la Directiva 95\/46\/CE (Reglament general de protecci\u00f3 de dades),  li comuniquem que les dades que ens faciliti seran tractades pel titular del present lloc web amb les seg\u00fcents finalitats:<\/p>\n<p><strong>Apartat &#8220;Atenci\u00f3 al client \/ Contacte&#8221;:<\/strong> Les dades que ens faciliti seran tractades amb la finalitat de contestar a les seves consultes o peticions i prestar-los els serveis sol\u00b7licitats per vost\u00e8.<\/p>\n<p><strong>&#8220;Subscripci\u00f3 al Newsletter&#8221;:<\/strong> Li comuniquem que les dades que ens faciliti es tractaran amb la finalitat de gestionar l&#8217;enviament d&#8217;informaci\u00f3 comercial a trav\u00e9s de correu ordinari, e-mail, sms o fax, sobre el nostre Hotel.<\/p>\n<p><strong>&#8220;Reserves&#8221;:<\/strong> Les dades personals facilitades en aquest apartat es tractaran amb la finalitat de gestionar les reserves demanades per vost\u00e8. En tots els casos, les dades facilitades podran ser tractades amb la finalitat d&#8217; elaborar estad\u00edstiques internes per millorar els nostres serveis. Les dades personals facilitades nom\u00e9s es conservaran mentre es mantingui la nostra relaci\u00f3 comercial, i seran bloquejades un cop extingida aquesta, durant el termini que estableixin les prescripcions legals, a disposici\u00f3 \u00fanicament de Jutjats i Tribunals per atendre possibles reclamacions, despr\u00e9s de les quals, aquestes dades seran cancel\u00b7lades. La base legal per al tractament de les seves dades \u00e9s el compliment de les obligacions contractuals assumides per vost\u00e8 en sol\u00b7licitar els nostres serveis. L&#8217;informem que les dades personals facilitades podran ser tractades amb la finalitat d&#8217;enviar-li comunicacions informatives i d&#8217;un altre tipus (ofertes, esdeveniments, felicitacions) per a la qual cosa ha de marcar la seg\u00fcent casella habilitada per a tal efecte. Les dades proporcionades es conservaran amb aquesta finalitat mentre no demani el cessament dels enviaments publicitaris. Vost\u00e8 tindr\u00e0 dret a retirar el seu consentiment en qualsevol moment. La retirada del consentiment no afectar\u00e0 la licitud del tractament basada en el consentiment previ a la seva retirada. Pot exercitar en qualsevol moment els drets d&#8217; acc\u00e9s, rectificaci\u00f3, supressi\u00f3, oposici\u00f3, limitaci\u00f3 del tractament, dirigint-se a la seg\u00fcent adre\u00e7a de correu electr\u00f2nic: info@summer-sorra.com o a la seg\u00fcent adre\u00e7a postal: Summer Sorra, amb domicili a Carrer Montnegre 56, 08370 Calella, Barcelona.<\/p>\n<p>Rebuda la seva sol\u00b7licitud, li enviarem un formulari per a l&#8217;exercici del dret concret sol\u00b7licitat, que haur\u00e0 d&#8217;emplenar i enviar-nos juntament amb una fotoc\u00f2pia del seu D.N.I. o Passaport. Una vegada rebuda aquesta documentaci\u00f3, atendrem l&#8217; exercici dels seus drets en els terminis establerts legalment i en cas de no haver obtingut satisfacci\u00f3 en l&#8217; exercici dels seus drets podr\u00e0 presentar una reclamaci\u00f3 a l&#8217; Autoritat de control, Ag\u00e8ncia Espanyola de Protecci\u00f3 de Dades: www.agdp.es<\/p>\n<p><strong>2. Cookies<\/strong><\/p>\n<p>Veure pol\u00edtica d&#8217;\u00fas de cookies<\/p>\n<p><strong>3. Registre de visites<\/strong><\/p>\n<p>En cada acc\u00e9s al servidor de Summer Hotel es recollir\u00e0 l&#8217;adre\u00e7a IP des de la qual navega l&#8217;usuari i es registrar\u00e0 el mateix, aix\u00ed com les p\u00e0gines que visiti de Summer Hotel. Aquestes dades seran emmagatzemades en un arxiu LOG amb finalitats estad\u00edstiques i per determinar el nombre de p\u00e0gines vistes.<\/p>\n<p><strong>4. Hiperenlla\u00e7os<\/strong><\/p>\n<p>El portal de summerhotelcalella.com permet accedir a altres p\u00e0gines web gestionades i controlades per tercers a trav\u00e9s de diferents enlla\u00e7os per facilitar als usuaris la recerca d&#8217;informaci\u00f3, continguts i serveis d&#8217;Internet, sense que en cap cas pugui considerar-se una recomanaci\u00f3 o invitaci\u00f3 per a la visita dels mateixos. La realitzaci\u00f3 d&#8217; un hiperenlla\u00e7 des d&#8217; una p\u00e0gina web d&#8217; un altre portal d&#8217; Internet a qualsevol de les p\u00e0gines del portal de paratytech.com s&#8217; haur\u00e0 de sotmetre a les condicions seg\u00fcents:<\/p>\n<p>\u2022 Qualsevol hiperenlla\u00e7 al portal de summerhotelcalella.com s&#8217;efectuar\u00e0 a la seva p\u00e0gina principal o p\u00e0gines principals de les seccions que cont\u00e9;<br \/>\u2022 No es permet la reproducci\u00f3, en cap cas, dels serveis o continguts del portal de Summer Hotel;<br \/>\u2022 La p\u00e0gina web en la qual s&#8217;estableixi l&#8217;hiperenlla\u00e7 no contindr\u00e0 informacions o continguts il\u00b7l\u00edcits, contraris a la moral, als bons costums o a l&#8217;ordre p\u00fablic, ni proporcionar\u00e0 continguts contraris a qualsevol dret de tercers;<br \/>\u2022 No s&#8217;inclour\u00e0 cap manifestaci\u00f3 falsa, inexacta o incorrecta sobre les p\u00e0gines del portal de paratytech.com, ni sobre els serveis o continguts del mateix;<br \/>\u2022 No s&#8217;establiran deep-links, ni enlla\u00e7os IMG o d&#8217;imatge, ni frames amb les p\u00e0gines del portal de paraty.es sense la pr\u00e8via autoritzaci\u00f3 expressa de Summer Hotel;<br \/>\u2022 Llevat d&#8217;aquells signes que formin part de l&#8217;hiperenlla\u00e7, la p\u00e0gina web en la qual s&#8217;estableixi no contindr\u00e0 cap marca, nom comercial, r\u00e8tol d&#8217;establiment, denominaci\u00f3, logotip, esl\u00f2gan o altres signes distintius pertanyents a Summer Hotel;<br \/>\u2022 L&#8217;establiment de l&#8217;hiperenlla\u00e7 no implicar\u00e0 l&#8217;exist\u00e8ncia de relacions entre Summer Hotel i el titular de la p\u00e0gina web o del portal des del qual es realitzi, ni que Summer Hotel hagi autoritzat l&#8217;hiperenlla\u00e7 o supervisat, conegut, acceptat o assumit els serveis i continguts oferts en aquest portal. Summer Hotel no comercialitza, ni controla pr\u00e8viament, ni fa propis els continguts, serveis i informacions disponibles en aquestes p\u00e0gines web, no sent-ne responsable ni de les informacions i manifestacions que s&#8217;hi incloguin. Summer Hotel no \u00e9s responsable tampoc pels danys i perjudicis de tota classe que poguessin derivar-se de l&#8217;acc\u00e9s, manteniment, \u00fas, qualitat, licitud, fiabilitat i utilitat dels continguts, informacions, comunicacions, manifestacions, productes i serveis existents o oferts a les p\u00e0gines web no gestionades per si mateix.<\/p>\n<p><strong>5. General<\/strong><\/p>\n<p>Summer Hotel es reserva, sense necessitat de previ av\u00eds i en qualsevol moment, el dret a suspendre temporalment l&#8217;acc\u00e9s a la seva p\u00e0gina web i a efectuar les modificacions que consideri oportunes de la p\u00e0gina, dels serveis o informacions ofertes, de la presentaci\u00f3 o localitzaci\u00f3 de les mateixes i de les condicions d&#8217;acc\u00e9s i \u00fas de la p\u00e0gina web de Summer Hotel. Tota la informaci\u00f3 que es rebi en aquesta p\u00e0gina web es considerar\u00e0 cedida a Summer Hotel a t\u00edtol gratu\u00eft. El correu electr\u00f2nic no ser\u00e0 considerat com a mitj\u00e0 v\u00e0lid als efectes de presentaci\u00f3 de reclamacions. Per a aix\u00f2 s&#8217; hauran d&#8217; adre\u00e7ar al Departament d&#8217; Assessoria Jur\u00eddica de Summer Hotel, situada a Carrer Montnegre 56, 08370 Calella, Barcelona que indicar\u00e0 en cada cas les lleres a seguir.<\/p>\n<p>Totes les q\u00fcestions relatives a la p\u00e0gina web de Summer Hotel es regeixen per la legislaci\u00f3 espanyola i se sotmeten a la jurisdicci\u00f3 dels Jutjats i Tribunals corresponents, amb ren\u00fancia a qualsevol fur que pogu\u00e9s correspondre.<\/p>\n<p><strong>6. Veracitat de les dades<\/strong><\/p>\n<p>L&#8217;usuari respondr\u00e0, en qualsevol cas, de la veracitat de les dades facilitades, reservant-se Summer Hotel el dret a excloure dels serveis registrats a tot usuari que hagi facilitat dades falses, sense perjudici de les altres accions que procedeixin en Dret. Aix\u00ed mateix, l&#8217; usuari s&#8217; ha de trobar degudament habilitat per facilitar dades de terceres persones. Nom\u00e9s si compta amb el consentiment dels futurs hostes de l&#8217;hotel, l&#8217;usuari podr\u00e0 facilitar a l&#8217;hotel aquestes dades. Tal informaci\u00f3, que permetr\u00e0 a Summer Hotel procurar-li un millor servei als seus hostes \u00e9s opcional, per la qual cosa, la seva consignaci\u00f3 per l&#8217;usuari, implica, sota la seva exclusiva responsabilitat, l&#8217;assumpci\u00f3 del deure d&#8217;informar aquells del contingut de la nostra Pol\u00edtica de Privacitat amb car\u00e0cter previ a l&#8217;oferiment de la informaci\u00f3 personal.<\/p>\n<p><strong>7. Responsabilitat de l&#8217;Hotel<\/strong><\/p>\n<p>L&#8217; acc\u00e9s a la p\u00e0gina no suposa en cap cas l&#8217; exist\u00e8ncia d&#8217; una relaci\u00f3 comercial entre usuari i Summer Hotel. El portal \u00fanicament subministra informaci\u00f3 sobre les places hoteleres vacants en el moment de sol\u00b7licitar l&#8217;esmentada informaci\u00f3, per la qual cosa si vost\u00e8 efectua la reserva on-line, est\u00e0 contractant directament amb l&#8217;hotel i no amb el portal. La versi\u00f3 impresa de la reserva efectuada serveix de localitzador quan acudeixi a l&#8217; hotel. La reserva de nits d&#8217;hotel en aquest lloc web implica l&#8217;adhesi\u00f3 i acceptaci\u00f3 per part del client de totes i cadascuna de les condicions generals aqu\u00ed exposades. Mitjan\u00e7ant l&#8217; acceptaci\u00f3 de les seg\u00fcents cl\u00e0usules, vost\u00e8 declara i accepta:<\/p>\n<p>1) Ser major d&#8217; edat i disposar de plena capacitat per efectuar la reserva, manifestant que ent\u00e9n i compr\u00e8n la totalitat de les condicions que es troben a la p\u00e0gina web.<br \/>2) Que les dades subministrades quan efectua la reserva on-line s\u00f3n veritables, completes i concisos.<br \/>3) \u00danicament es troben compreses en la web aquelles p\u00e0gines que figuren dins del mapa web.<br \/>4) Que l&#8217;acc\u00e9s a aquesta p\u00e0gina web \u00e9s responsabilitat de l&#8217;usuari.<br \/>5) Que un cop realitzada la reserva es procedir\u00e0 a l&#8217; arxiu del document electr\u00f2nic en qu\u00e8 s&#8217; ha formalitzat, vost\u00e8 podr\u00e0 accedir-hi en qualsevol moment.<br \/>6) Que confirma la reserva feta, \u00e9s a dir, les dates indicades, el nombre d&#8217; habitacions, de persones i l&#8217; Hotel escollit.<br \/>7) Les condicions i preu de la reserva efectuada, s\u00f3n els que es determina expressament en les condicions de la tarifa incloses expressament en la p\u00e0gina que vost\u00e8 fa la reserva.<br \/>8) Respecte a la relaci\u00f3 amb el portal, aquest li dona la possibilitat de reservar habitacions de l&#8217;hotel triat a trav\u00e9s de la seva p\u00e0gina web, per\u00f2 no ofereix cap tipus de prestaci\u00f3 hotelera sota la seva responsabilitat.<br \/>9) Que les dades de la seva targeta es recullen a efectes de garantir la reserva. El pagament de la mateixa es far\u00e0 efectiu a l&#8217;Hotel triat i nom\u00e9s en el cas de cancel\u00b7lacions o incompareixences (no shows), es procedir\u00e0 a l&#8217;anul\u00b7laci\u00f3 de la reserva i se li efectuar\u00e0 el c\u00e0rrec fixat en les condicions de la tarifa.<br \/>10) Les ofertes nom\u00e9s seran v\u00e0lides durant el temps que romanguin accessibles als destinataris del servei.<\/p>\n<p><strong>8. Preus<\/strong><\/p>\n<p>Els preus que s&#8217; indiquen s\u00f3n Preus Venda al P\u00fablic I.V.A. incl\u00f2s. El preu inclou: Preu per nit en funci\u00f3 del tipus d&#8217; habitaci\u00f3 i r\u00e8gim seleccionats, a excepci\u00f3 dels hotels en els quals s&#8217; indiqui espec\u00edficament la inclusi\u00f3 d&#8217; altres serveis. El preu no inclou: Qualsevol servei no especificat a m\u00e9s d&#8217; extres tals com trasllats, propines, trucades telef\u00f2niques, serveis de bugaderia, minibar, p\u00e0rquing, etc&#8230; Hora d&#8217;entrada (check-in) i de sortida (check-out) per norma general i tret que expressament es pacti una altra cosa amb l&#8217;establiment, les habitacions podran ser utilitzades a partir de les 14 hores del dia d&#8217;arribada i hauran de quedar lliures a les 12 hores del dia de sortida.<\/p>\n<p><strong>9. Passaports i visats<\/strong><\/p>\n<p>Tots els viatgers, sense excepci\u00f3 (nens inclosos), hauran de portar en regla la seva documentaci\u00f3 personal i familiar corresponent, sigui el passaport o D.N.I., segons la legislaci\u00f3 vigent. Ser\u00e0 per compte dels mateixos quan els viatges aix\u00ed ho requereixin l&#8217; obtenci\u00f3 de visats, passaports, certificats de vacunaci\u00f3, etc. Els menors de 18 anys han de portar un perm\u00eds escrit signat pels seus pares o tutors, en previsi\u00f3 que aquest pugui ser demanat per qualsevol autoritat. Cas de ser rebutjada per alguna Autoritat la concessi\u00f3 de visats, per causes particulars de l&#8217; usuari, o ser denegada la seva entrada al pa\u00eds per mancar dels requisits que s&#8217; exigeixen, o per defecte en la documentaci\u00f3 exigida, o per no ser-ne portador, l&#8217; hotel declina tota responsabilitat per fets d&#8217; aquesta \u00edndole,  essent per compte del consumidor qualsevol despesa que s&#8217; origini, aplicant-se en aquestes circumst\u00e0ncies les condicions i normes establertes per al sup\u00f2sit de no-show.<\/p>\n\t\t\t\t\t\t\t\t<\/div>\n\t\t\t\t<\/div>\n\t\t\t\t<\/div>\n\t\t\t\t\t<\/div>\n\t\t\t\t<\/div>\n\t\t\t\t<\/div>\n\t\t","protected":false},"excerpt":{"rendered":"<p>Pol\u00edtica de Privacitat En virtut del que preveu el Reglament (UE) 2016\/679 del Parlament Europeu i del Consell, de 27 d&#8217;abril de 2016, relatiu a la protecci\u00f3 de les persones f\u00edsiques pel que fa al tractament de dades personals i a la lliure circulaci\u00f3 d&#8217;aquestes dades i pel qual es deroga la Directiva 95\/46\/CE (Reglament [&hellip;]<\/p>\n","protected":false},"author":1,"featured_media":0,"parent":0,"menu_order":0,"comment_status":"closed","ping_status":"closed","template":"","meta":{"footnotes":""},"class_list":["post-1452","page","type-page","status-publish","hentry"],"yoast_head":"<!-- This site is optimized with the Yoast SEO plugin v26.7 - https:\/\/yoast.com\/wordpress\/plugins\/seo\/ -->\n<title>Pol\u00edtica de Privacitat &#8226; Summer Hotel Calella<\/title>\n<meta name=\"description\" content=\"Coneix Summer Hotel a Calella, Costa de Barcelona. Veuen i gaudeix de tot el que pot oferir-te l&#039;hotel amb els millors serveis.\" \/>\n<meta name=\"robots\" content=\"index, follow, max-snippet:-1, max-image-preview:large, max-video-preview:-1\" \/>\n<link rel=\"canonical\" href=\"https:\/\/www.summerhotelcalella.com\/ca\/politica-de-privacitat\/\" \/>\n<meta property=\"og:locale\" content=\"ca_ES\" \/>\n<meta property=\"og:type\" content=\"article\" \/>\n<meta property=\"og:title\" content=\"Pol\u00edtica de Privacitat &#8226; Summer Hotel Calella\" \/>\n<meta property=\"og:description\" content=\"Coneix Summer Hotel a Calella, Costa de Barcelona. Veuen i gaudeix de tot el que pot oferir-te l&#039;hotel amb els millors serveis.\" \/>\n<meta property=\"og:url\" content=\"https:\/\/www.summerhotelcalella.com\/ca\/politica-de-privacitat\/\" \/>\n<meta property=\"og:site_name\" content=\"Summer Hotel Calella\" \/>\n<meta property=\"article:modified_time\" content=\"2024-06-13T14:32:56+00:00\" \/>\n<meta property=\"og:image\" content=\"https:\/\/www.summerhotelcalella.com\/wp-content\/uploads\/2024\/04\/zonas-summerhotel-01.jpg\" \/>\n\t<meta property=\"og:image:width\" content=\"1280\" \/>\n\t<meta property=\"og:image:height\" content=\"853\" \/>\n\t<meta property=\"og:image:type\" content=\"image\/jpeg\" \/>\n<meta name=\"twitter:card\" content=\"summary_large_image\" \/>\n<meta name=\"twitter:label1\" content=\"Temps estimat de lectura\" \/>\n\t<meta name=\"twitter:data1\" content=\"10 minuts\" \/>\n<script type=\"application\/ld+json\" class=\"yoast-schema-graph\">{\"@context\":\"https:\/\/schema.org\",\"@graph\":[{\"@type\":\"WebPage\",\"@id\":\"https:\/\/www.summerhotelcalella.com\/ca\/politica-de-privacitat\/\",\"url\":\"https:\/\/www.summerhotelcalella.com\/ca\/politica-de-privacitat\/\",\"name\":\"Pol\u00edtica de Privacitat &#8226; Summer Hotel Calella\",\"isPartOf\":{\"@id\":\"https:\/\/www.summerhotelcalella.com\/ca\/#website\"},\"datePublished\":\"2024-02-21T12:56:01+00:00\",\"dateModified\":\"2024-06-13T14:32:56+00:00\",\"description\":\"Coneix Summer Hotel a Calella, Costa de Barcelona. Veuen i gaudeix de tot el que pot oferir-te l'hotel amb els millors serveis.\",\"breadcrumb\":{\"@id\":\"https:\/\/www.summerhotelcalella.com\/ca\/politica-de-privacitat\/#breadcrumb\"},\"inLanguage\":\"ca\",\"potentialAction\":[{\"@type\":\"ReadAction\",\"target\":[\"https:\/\/www.summerhotelcalella.com\/ca\/politica-de-privacitat\/\"]}]},{\"@type\":\"BreadcrumbList\",\"@id\":\"https:\/\/www.summerhotelcalella.com\/ca\/politica-de-privacitat\/#breadcrumb\",\"itemListElement\":[{\"@type\":\"ListItem\",\"position\":1,\"name\":\"Portada\",\"item\":\"https:\/\/www.summerhotelcalella.com\/ca\/home\/\"},{\"@type\":\"ListItem\",\"position\":2,\"name\":\"Pol\u00edtica de Privacitat\"}]},{\"@type\":\"WebSite\",\"@id\":\"https:\/\/www.summerhotelcalella.com\/ca\/#website\",\"url\":\"https:\/\/www.summerhotelcalella.com\/ca\/\",\"name\":\"Summer Hotel Calella\",\"description\":\"Hotel 4 estrellas en Calella, Barcelona\",\"publisher\":{\"@id\":\"https:\/\/www.summerhotelcalella.com\/ca\/#organization\"},\"alternateName\":\"Summer Hotel Calella\",\"potentialAction\":[{\"@type\":\"SearchAction\",\"target\":{\"@type\":\"EntryPoint\",\"urlTemplate\":\"https:\/\/www.summerhotelcalella.com\/ca\/?s={search_term_string}\"},\"query-input\":{\"@type\":\"PropertyValueSpecification\",\"valueRequired\":true,\"valueName\":\"search_term_string\"}}],\"inLanguage\":\"ca\"},{\"@type\":\"Organization\",\"@id\":\"https:\/\/www.summerhotelcalella.com\/ca\/#organization\",\"name\":\"Summer Hotel\",\"alternateName\":\"Summer Hotel Calella\",\"url\":\"https:\/\/www.summerhotelcalella.com\/ca\/\",\"logo\":{\"@type\":\"ImageObject\",\"inLanguage\":\"ca\",\"@id\":\"https:\/\/www.summerhotelcalella.com\/ca\/#\/schema\/logo\/image\/\",\"url\":\"https:\/\/www.summerhotelcalella.com\/wp-content\/uploads\/2024\/03\/logo-summerhotel_4x.png\",\"contentUrl\":\"https:\/\/www.summerhotelcalella.com\/wp-content\/uploads\/2024\/03\/logo-summerhotel_4x.png\",\"width\":2975,\"height\":617,\"caption\":\"Summer Hotel\"},\"image\":{\"@id\":\"https:\/\/www.summerhotelcalella.com\/ca\/#\/schema\/logo\/image\/\"}}]}<\/script>\n<!-- \/ Yoast SEO plugin. -->","yoast_head_json":{"title":"Pol\u00edtica de Privacitat &#8226; Summer Hotel Calella","description":"Coneix Summer Hotel a Calella, Costa de Barcelona. Veuen i gaudeix de tot el que pot oferir-te l'hotel amb els millors serveis.","robots":{"index":"index","follow":"follow","max-snippet":"max-snippet:-1","max-image-preview":"max-image-preview:large","max-video-preview":"max-video-preview:-1"},"canonical":"https:\/\/www.summerhotelcalella.com\/ca\/politica-de-privacitat\/","og_locale":"ca_ES","og_type":"article","og_title":"Pol\u00edtica de Privacitat &#8226; Summer Hotel Calella","og_description":"Coneix Summer Hotel a Calella, Costa de Barcelona. Veuen i gaudeix de tot el que pot oferir-te l'hotel amb els millors serveis.","og_url":"https:\/\/www.summerhotelcalella.com\/ca\/politica-de-privacitat\/","og_site_name":"Summer Hotel Calella","article_modified_time":"2024-06-13T14:32:56+00:00","og_image":[{"width":1280,"height":853,"url":"https:\/\/www.summerhotelcalella.com\/wp-content\/uploads\/2024\/04\/zonas-summerhotel-01.jpg","type":"image\/jpeg"}],"twitter_card":"summary_large_image","twitter_misc":{"Temps estimat de lectura":"10 minuts"},"schema":{"@context":"https:\/\/schema.org","@graph":[{"@type":"WebPage","@id":"https:\/\/www.summerhotelcalella.com\/ca\/politica-de-privacitat\/","url":"https:\/\/www.summerhotelcalella.com\/ca\/politica-de-privacitat\/","name":"Pol\u00edtica de Privacitat &#8226; Summer Hotel Calella","isPartOf":{"@id":"https:\/\/www.summerhotelcalella.com\/ca\/#website"},"datePublished":"2024-02-21T12:56:01+00:00","dateModified":"2024-06-13T14:32:56+00:00","description":"Coneix Summer Hotel a Calella, Costa de Barcelona. Veuen i gaudeix de tot el que pot oferir-te l'hotel amb els millors serveis.","breadcrumb":{"@id":"https:\/\/www.summerhotelcalella.com\/ca\/politica-de-privacitat\/#breadcrumb"},"inLanguage":"ca","potentialAction":[{"@type":"ReadAction","target":["https:\/\/www.summerhotelcalella.com\/ca\/politica-de-privacitat\/"]}]},{"@type":"BreadcrumbList","@id":"https:\/\/www.summerhotelcalella.com\/ca\/politica-de-privacitat\/#breadcrumb","itemListElement":[{"@type":"ListItem","position":1,"name":"Portada","item":"https:\/\/www.summerhotelcalella.com\/ca\/home\/"},{"@type":"ListItem","position":2,"name":"Pol\u00edtica de Privacitat"}]},{"@type":"WebSite","@id":"https:\/\/www.summerhotelcalella.com\/ca\/#website","url":"https:\/\/www.summerhotelcalella.com\/ca\/","name":"Summer Hotel Calella","description":"Hotel 4 estrellas en Calella, Barcelona","publisher":{"@id":"https:\/\/www.summerhotelcalella.com\/ca\/#organization"},"alternateName":"Summer Hotel Calella","potentialAction":[{"@type":"SearchAction","target":{"@type":"EntryPoint","urlTemplate":"https:\/\/www.summerhotelcalella.com\/ca\/?s={search_term_string}"},"query-input":{"@type":"PropertyValueSpecification","valueRequired":true,"valueName":"search_term_string"}}],"inLanguage":"ca"},{"@type":"Organization","@id":"https:\/\/www.summerhotelcalella.com\/ca\/#organization","name":"Summer Hotel","alternateName":"Summer Hotel Calella","url":"https:\/\/www.summerhotelcalella.com\/ca\/","logo":{"@type":"ImageObject","inLanguage":"ca","@id":"https:\/\/www.summerhotelcalella.com\/ca\/#\/schema\/logo\/image\/","url":"https:\/\/www.summerhotelcalella.com\/wp-content\/uploads\/2024\/03\/logo-summerhotel_4x.png","contentUrl":"https:\/\/www.summerhotelcalella.com\/wp-content\/uploads\/2024\/03\/logo-summerhotel_4x.png","width":2975,"height":617,"caption":"Summer Hotel"},"image":{"@id":"https:\/\/www.summerhotelcalella.com\/ca\/#\/schema\/logo\/image\/"}}]}},"_links":{"self":[{"href":"https:\/\/www.summerhotelcalella.com\/ca\/wp-json\/wp\/v2\/pages\/1452","targetHints":{"allow":["GET"]}}],"collection":[{"href":"https:\/\/www.summerhotelcalella.com\/ca\/wp-json\/wp\/v2\/pages"}],"about":[{"href":"https:\/\/www.summerhotelcalella.com\/ca\/wp-json\/wp\/v2\/types\/page"}],"author":[{"embeddable":true,"href":"https:\/\/www.summerhotelcalella.com\/ca\/wp-json\/wp\/v2\/users\/1"}],"replies":[{"embeddable":true,"href":"https:\/\/www.summerhotelcalella.com\/ca\/wp-json\/wp\/v2\/comments?post=1452"}],"version-history":[{"count":0,"href":"https:\/\/www.summerhotelcalella.com\/ca\/wp-json\/wp\/v2\/pages\/1452\/revisions"}],"wp:attachment":[{"href":"https:\/\/www.summerhotelcalella.com\/ca\/wp-json\/wp\/v2\/media?parent=1452"}],"curies":[{"name":"wp","href":"https:\/\/api.w.org\/{rel}","templated":true}]}}