{"id":1420,"date":"2024-05-20T19:19:54","date_gmt":"2024-05-20T17:19:54","guid":{"rendered":"https:\/\/www.summerhotelcalella.com\/politique-de-cookies\/"},"modified":"2024-06-13T14:23:18","modified_gmt":"2024-06-13T12:23:18","slug":"politique-de-cookies","status":"publish","type":"page","link":"https:\/\/www.summerhotelcalella.com\/fr\/politique-de-cookies\/","title":{"rendered":"Politique de cookies"},"content":{"rendered":"\t\t<div data-elementor-type=\"wp-page\" data-elementor-id=\"1420\" class=\"elementor elementor-1420 elementor-454\" data-elementor-post-type=\"page\">\n\t\t\t\t<div class=\"elementor-element elementor-element-64be10c e-flex e-con-boxed e-con e-parent\" data-id=\"64be10c\" data-element_type=\"container\" data-settings=\"{&quot;jet_parallax_layout_list&quot;:[],&quot;background_background&quot;:&quot;classic&quot;}\">\n\t\t\t\t\t<div class=\"e-con-inner\">\n\t\t<div class=\"elementor-element elementor-element-be5f029 e-con-full e-flex e-con e-child\" data-id=\"be5f029\" data-element_type=\"container\" data-settings=\"{&quot;background_background&quot;:&quot;classic&quot;,&quot;jet_parallax_layout_list&quot;:[]}\">\n\t\t\t\t<div class=\"elementor-element elementor-element-7a8b8f4 elementor-widget elementor-widget-heading\" data-id=\"7a8b8f4\" data-element_type=\"widget\" data-widget_type=\"heading.default\">\n\t\t\t\t<div class=\"elementor-widget-container\">\n\t\t\t\t\t<h1 class=\"elementor-heading-title elementor-size-default\">Politique de cookies<\/h1>\t\t\t\t<\/div>\n\t\t\t\t<\/div>\n\t\t\t\t<\/div>\n\t\t\t\t\t<\/div>\n\t\t\t\t<\/div>\n\t\t<div class=\"elementor-element elementor-element-a4fcb8b e-flex e-con-boxed e-con e-parent\" data-id=\"a4fcb8b\" data-element_type=\"container\" data-settings=\"{&quot;jet_parallax_layout_list&quot;:[]}\">\n\t\t\t\t\t<div class=\"e-con-inner\">\n\t\t<div class=\"elementor-element elementor-element-527428e e-con-full e-flex e-con e-child\" data-id=\"527428e\" data-element_type=\"container\" data-settings=\"{&quot;jet_parallax_layout_list&quot;:[]}\">\n\t\t\t\t<div class=\"elementor-element elementor-element-935be6c elementor-widget elementor-widget-text-editor\" data-id=\"935be6c\" data-element_type=\"widget\" data-widget_type=\"text-editor.default\">\n\t\t\t\t<div class=\"elementor-widget-container\">\n\t\t\t\t\t\t\t\t\t<p><strong>Politique de cookies<\/strong><\/p>\n<p>Conform\u00e9ment \u00e0 l\u2019article 22.2 de la loi 34\/2002 sur les services de la soci\u00e9t\u00e9 de l\u2019information, nous informons les utilisateurs de notre site Web de notre politique d\u2019utilisation des cookies.<\/p>\n<p><strong>Qu\u2019est-ce qu\u2019un cookie ?<\/strong><\/p>\n<p>Les cookies sont des fichiers contenant de petites quantit\u00e9s d\u2019informations qui sont t\u00e9l\u00e9charg\u00e9es sur l\u2019appareil de l\u2019utilisateur qui est utilis\u00e9 lorsque vous visitez notre site Web. Son objectif principal est de reconna\u00eetre l\u2019utilisateur (au moyen d\u2019identifiants qui ne permettent pas de l\u2019identifier avec une personne physique) chaque fois qu\u2019il acc\u00e8de au site Web et nous permet \u00e9galement d\u2019am\u00e9liorer la qualit\u00e9 et la convivialit\u00e9 de nos sites Web. Les cookies sont essentiels au fonctionnement d\u2019Internet ; Ils ne peuvent pas endommager l\u2019ordinateur \/ l\u2019appareil de l\u2019utilisateur et, s\u2019ils sont activ\u00e9s dans la configuration de votre navigateur, ils nous aident \u00e0 identifier et \u00e0 r\u00e9soudre d\u2019\u00e9ventuelles erreurs dans le fonctionnement de notre site Web.<\/p>\n<p><strong>Types de cookies<\/strong><\/p>\n<p>Il existe diff\u00e9rents types de cookies. Ils fonctionnent tous de la m\u00eame mani\u00e8re, mais ont de petites diff\u00e9rences:<\/p>\n<p><strong>Cookies de session :<\/strong> Les cookies de session ne durent que pendant la dur\u00e9e de la visite et sont supprim\u00e9s lorsque l\u2019utilisateur ferme le navigateur. Son objectif principal est d\u2019identifier le type d\u2019appareil, de soutenir la s\u00e9curit\u00e9 du site Web ou ses fonctionnalit\u00e9s de base. Ils ne contiennent pas d\u2019informations personnellement identifiables.<\/p>\n<p><strong>Cookies persistants ou permanents :<\/strong> Ils sont stock\u00e9s sur le disque dur de l\u2019appareil et le site Web les lit chaque fois que l\u2019utilisateur effectue une nouvelle visite sur le site Web; Ils ont une date d\u2019expiration ou d\u2019expiration sp\u00e9cifique, apr\u00e8s laquelle le cookie cesse de fonctionner. Ils permettent d\u2019identifier les actions et les pr\u00e9f\u00e9rences de l\u2019utilisateur; Analyser les visites et aider \u00e0 comprendre comment les utilisateurs arrivent sur le site Web et am\u00e9liorer les services offerts par celui-ci.<\/p>\n<p><strong>Cookies de fonctionnalit\u00e9 :<\/strong> Ils permettent de m\u00e9moriser les d\u00e9cisions prises par l\u2019utilisateur, telles que son identifiant ou son identifiant. Les informations contenues dans ces cookies sont anonymes (c\u2019est-\u00e0-dire qu\u2019elles ne contiennent pas de nom, d\u2019adresse ou d\u2019autres donn\u00e9es personnelles).<\/p>\n<p><strong>Cookies tiers :<\/strong> Les cookies tiers sont des cookies install\u00e9s par un site Web qui n\u2019est pas celui que l\u2019utilisateur visite; par exemple, ceux utilis\u00e9s par les r\u00e9seaux sociaux (tels que Facebook) ou par les plugins de contenu externes (tels que Google Maps).<\/p>\n<p><strong>Cookies analytiques :<\/strong> Ce sont des cookies qui sont destin\u00e9s \u00e0 la maintenance p\u00e9riodique et assurent le meilleur fonctionnement et service \u00e0 l\u2019utilisateur; collecter des donn\u00e9es sur votre activit\u00e9.<\/p>\n<p><strong>Utilisation des cookies par Summer Hotel<\/strong><\/p>\n<table border=\"1\">\n<tbody>\n<tr>\n<td><\/td>\n<td>Nom propre ou tiers<\/td>\n<td>Dur\u00e9e<\/td>\n<td>Objet<\/td>\n<\/tr>\n<tr>\n<td>cookie_alerta<\/td>\n<td>Dur\u00e9e<\/td>\n<td>propre de la session en cours Afficher l\u2019avis de<\/td>\n<td>cookie une seule fois par session<\/td>\n<\/tr>\n<tr>\n<td>popup_faldon<\/td>\n<td>Dur\u00e9e propre<\/td>\n<p> de la session <\/p>\n<td>en cours Afficher la<\/td>\n<td>fen\u00eatre contextuelle d\u2019offre une seule fois par session (uniquement lorsqu\u2019il y a des fen\u00eatres contextuelles d\u2019offre)<\/td>\n<\/tr>\n<tr>\n<td>_utma<\/td>\n<td>Google Analytics<\/td>\n<td>2 ans<\/td>\n<td>Utilis\u00e9 pour diff\u00e9rencier les utilisateurs et les sessions.<\/td>\n<\/tr>\n<tr>\n<td>_utmb<\/td>\n<td>Google Analytics<\/td>\n<td>10 minutes \u00e0 compter de la cr\u00e9ation ou de la modification<\/td>\n<td>Il est utilis\u00e9 pour savoir s\u2019il y a une nouvelle session ou visite.<\/td>\n<\/tr>\n<tr>\n<td>_utmc<\/td>\n<td>Google Analytics<\/td>\n<td>\u00c0 la fin de la session<\/td>\n<td>Il est utilis\u00e9 pour faciliter la fonctionnalit\u00e9 avec la biblioth\u00e8que d.js oursins. Auparavant, ce cookie agissait avec le cookie _utmb pour d\u00e9terminer si l\u2019utilisateur \u00e9tait dans une nouvelle session ou visite.<\/td>\n<\/tr>\n<tr>\n<td>_utmz<\/td>\n<td>Google Analytics<\/td>\n<td>6 mois<\/td>\n<td>Enregistrez la source de trafic ou la campagne qui explique d\u2019o\u00f9 vient l\u2019utilisateur sur le site Web.<\/td>\n<\/tr>\n<tr>\n<td>_utmt<\/td>\n<td>Google Analytics<\/td>\n<td>\u00c0 la fin de la session<\/td>\n<td>Permet de d\u00e9finir le type de demande utilisateur. Il est utilis\u00e9 pour \u00e9tablir des statistiques sur l\u2019utilisation des pages.<\/td>\n<\/tr>\n<tr>\n<td>DoubleClick<\/td>\n<td>Adwords<\/td>\n<td>\u00c0 la fin de la session<\/td>\n<td>Segmentez le contenu pour le rendre pertinent pour les utilisateurs.<\/td>\n<\/tr>\n<\/tbody>\n<\/table>\n<table border=\"1\">\n<tbody>\n<tr>\n<td>Nom<\/td>\n<td>Informations trait\u00e9es<\/td>\n<td>Finalit\u00e9<\/td>\n<\/tr>\n<tr>\n<td>Session utilisateur strictement n\u00e9cessaire<\/td>\n<p>, <\/p>\n<td>d\u00e9tails d\u2019inscription, r\u00e9servations.<\/td>\n<p> Gestion de <\/p>\n<td>l\u2019enregistrement et de la maintenance de la session utilisateur, personnalisation de la navigation, \u00e9quilibrage de charge<\/td>\n<\/tr>\n<tr>\n<td>Anal\u00edticas Google Analytics<\/td>\n<td>Sites Web visit\u00e9s, fr\u00e9quence, nombre et r\u00e9p\u00e9tition des visites, temps de navigation, recherches effectu\u00e9es, liens consult\u00e9s, navigateur utilis\u00e9, op\u00e9rateur fournissant le service, emplacement li\u00e9 \u00e0 l\u2019adresse IP<\/td>\n<td>Mesurer et analyser la navigation des utilisateurs, surveiller et analyser le comportement des utilisateurs, cr\u00e9er des profils de navigation utilisateur anonymes, introduire des am\u00e9liorations bas\u00e9es sur l\u2019analyse des donn\u00e9es d\u2019utilisation des utilisateurs<\/td>\n<\/tr>\n<tr>\n<td>Adresse IP Google Adwords<\/td>\n<p>, <\/p>\n<td>recherches effectu\u00e9es, liens consult\u00e9s et annonces consult\u00e9es.<\/td>\n<td>Montrer les produits qui conviennent le mieux \u00e0 l\u2019utilisateur, segmenter le public cible, mesurer les r\u00e9sultats, les budgets flexibles et d\u00e9tecter de nouveaux march\u00e9s.<\/td>\n<\/tr>\n<\/tbody>\n<\/table>\n<p>En acc\u00e9dant \u00e0 notre site Web, l\u2019utilisateur accepte express\u00e9ment que nous puissions utiliser ce type de cookies sur ses appareils. Toutefois, si vous d\u00e9sactivez les cookies, cela n\u2019affectera pas la navigation sur nos sites Web.<\/p>\n<p><strong>Param\u00e8tres utilisateur pour emp\u00eacher les cookies<\/strong><\/p>\n<p>En naviguant et en continuant sur notre site, vous consentez \u00e0 l\u2019utilisation de cookies dans les conditions contenues dans la pr\u00e9sente \u00ab Politique de cookies \u00bb. Summer Hotel donne acc\u00e8s \u00e0 la pr\u00e9sente \u00ab Politique de cookies \u00bb au moment du premier acc\u00e8s, afin que l\u2019utilisateur soit inform\u00e9, et sans pr\u00e9judice du fait que l\u2019utilisateur peut exercer son droit de blocage, de suppression et de refus de l\u2019utilisation des cookies \u00e0 tout moment.<\/p>\n<p>Dans tous les cas, nous vous informons que les cookies qui ne sont pas n\u00e9cessaires \u00e0 l\u2019utilisation de notre site Web, peuvent \u00eatre bloqu\u00e9s ou d\u00e9sactiv\u00e9s en activant la configuration de votre navigateur, ce qui vous permet de refuser l\u2019installation de tous les cookies ou de certains d\u2019entre eux. La plupart des navigateurs vous permettent d\u2019avertir de la pr\u00e9sence de cookies ou de les rejeter automatiquement. Si vous les rejetez, vous pouvez continuer \u00e0 utiliser notre site Web, bien que l\u2019utilisation de certains de ses services puisse \u00eatre limit\u00e9e et donc votre exp\u00e9rience sur notre site Web moins satisfaisante.<\/p>\n<p>Des informations sur la fa\u00e7on de configurer votre navigateur Internet ou vos navigateurs pour maintenir votre confidentialit\u00e9 et votre s\u00e9curit\u00e9 en ce qui concerne les cookies peuvent \u00eatre consult\u00e9es sur les sites d\u2019assistance officiels des principaux navigateurs. Avec ces aides, l\u2019utilisateur peut bloquer les cookies via les outils de configuration du navigateur ou le configurer pour l\u2019avertir lorsqu\u2019un serveur souhaite enregistrer un cookie.<\/p>\n<p><strong>Coordonn\u00e9es<\/strong><\/p>\n<p>Toute question ou requ\u00eate concernant cette politique d\u2019utilisation des cookies peut nous \u00eatre envoy\u00e9e par \u00e9crit \u00e0 l\u2019adresse e-mail suivante : info@summer-sorra.com<\/p>\n\t\t\t\t\t\t\t\t<\/div>\n\t\t\t\t<\/div>\n\t\t\t\t<\/div>\n\t\t\t\t\t<\/div>\n\t\t\t\t<\/div>\n\t\t\t\t<\/div>\n\t\t","protected":false},"excerpt":{"rendered":"<p>Politique de cookies Conform\u00e9ment \u00e0 l\u2019article 22.2 de la loi 34\/2002 sur les services de la soci\u00e9t\u00e9 de l\u2019information, nous informons les utilisateurs de notre site Web de notre politique d\u2019utilisation des cookies. Qu\u2019est-ce qu\u2019un cookie ? Les cookies sont des fichiers contenant de petites quantit\u00e9s d\u2019informations qui sont t\u00e9l\u00e9charg\u00e9es sur l\u2019appareil de l\u2019utilisateur qui [&hellip;]<\/p>\n","protected":false},"author":1,"featured_media":0,"parent":0,"menu_order":0,"comment_status":"closed","ping_status":"closed","template":"","meta":{"footnotes":""},"class_list":["post-1420","page","type-page","status-publish","hentry"],"yoast_head":"<!-- This site is optimized with the Yoast SEO plugin v26.7 - https:\/\/yoast.com\/wordpress\/plugins\/seo\/ -->\n<title>Politique de cookies &#8226; Summer Hotel Calella<\/title>\n<meta name=\"description\" content=\"L\u2019H\u00f4tel Summer de Calella, \u00e9quip\u00e9 des meilleurs services, se trouve \u00e0 cinq minutes de la plage et \u00e0 quarante-cinq minutes de Barcelone.\" \/>\n<meta name=\"robots\" content=\"index, follow, max-snippet:-1, max-image-preview:large, max-video-preview:-1\" \/>\n<link rel=\"canonical\" href=\"https:\/\/www.summerhotelcalella.com\/fr\/politique-de-cookies\/\" \/>\n<meta property=\"og:locale\" content=\"fr_FR\" \/>\n<meta property=\"og:type\" content=\"article\" \/>\n<meta property=\"og:title\" content=\"Politique de cookies &#8226; Summer Hotel Calella\" \/>\n<meta property=\"og:description\" content=\"L\u2019H\u00f4tel Summer de Calella, \u00e9quip\u00e9 des meilleurs services, se trouve \u00e0 cinq minutes de la plage et \u00e0 quarante-cinq minutes de Barcelone.\" \/>\n<meta property=\"og:url\" content=\"https:\/\/www.summerhotelcalella.com\/fr\/politique-de-cookies\/\" \/>\n<meta property=\"og:site_name\" content=\"Summer Hotel Calella\" \/>\n<meta property=\"article:modified_time\" content=\"2024-06-13T12:23:18+00:00\" \/>\n<meta property=\"og:image\" content=\"https:\/\/www.summerhotelcalella.com\/wp-content\/uploads\/2024\/04\/zonas-summerhotel-01.jpg\" \/>\n\t<meta property=\"og:image:width\" content=\"1280\" \/>\n\t<meta property=\"og:image:height\" content=\"853\" \/>\n\t<meta property=\"og:image:type\" content=\"image\/jpeg\" \/>\n<meta name=\"twitter:card\" content=\"summary_large_image\" \/>\n<meta name=\"twitter:label1\" content=\"Dur\u00e9e de lecture estim\u00e9e\" \/>\n\t<meta name=\"twitter:data1\" content=\"6 minutes\" \/>\n<script type=\"application\/ld+json\" class=\"yoast-schema-graph\">{\"@context\":\"https:\/\/schema.org\",\"@graph\":[{\"@type\":\"WebPage\",\"@id\":\"https:\/\/www.summerhotelcalella.com\/fr\/politique-de-cookies\/\",\"url\":\"https:\/\/www.summerhotelcalella.com\/fr\/politique-de-cookies\/\",\"name\":\"Politique de cookies &#8226; Summer Hotel Calella\",\"isPartOf\":{\"@id\":\"https:\/\/www.summerhotelcalella.com\/fr\/#website\"},\"datePublished\":\"2024-05-20T17:19:54+00:00\",\"dateModified\":\"2024-06-13T12:23:18+00:00\",\"description\":\"L\u2019H\u00f4tel Summer de Calella, \u00e9quip\u00e9 des meilleurs services, se trouve \u00e0 cinq minutes de la plage et \u00e0 quarante-cinq minutes de Barcelone.\",\"breadcrumb\":{\"@id\":\"https:\/\/www.summerhotelcalella.com\/fr\/politique-de-cookies\/#breadcrumb\"},\"inLanguage\":\"fr-FR\",\"potentialAction\":[{\"@type\":\"ReadAction\",\"target\":[\"https:\/\/www.summerhotelcalella.com\/fr\/politique-de-cookies\/\"]}]},{\"@type\":\"BreadcrumbList\",\"@id\":\"https:\/\/www.summerhotelcalella.com\/fr\/politique-de-cookies\/#breadcrumb\",\"itemListElement\":[{\"@type\":\"ListItem\",\"position\":1,\"name\":\"Portada\",\"item\":\"https:\/\/www.summerhotelcalella.com\/fr\/domicile\/\"},{\"@type\":\"ListItem\",\"position\":2,\"name\":\"Politique de cookies\"}]},{\"@type\":\"WebSite\",\"@id\":\"https:\/\/www.summerhotelcalella.com\/fr\/#website\",\"url\":\"https:\/\/www.summerhotelcalella.com\/fr\/\",\"name\":\"Summer Hotel Calella\",\"description\":\"Hotel 4 estrellas en Calella, Barcelona\",\"publisher\":{\"@id\":\"https:\/\/www.summerhotelcalella.com\/fr\/#organization\"},\"alternateName\":\"Summer Hotel Calella\",\"potentialAction\":[{\"@type\":\"SearchAction\",\"target\":{\"@type\":\"EntryPoint\",\"urlTemplate\":\"https:\/\/www.summerhotelcalella.com\/fr\/?s={search_term_string}\"},\"query-input\":{\"@type\":\"PropertyValueSpecification\",\"valueRequired\":true,\"valueName\":\"search_term_string\"}}],\"inLanguage\":\"fr-FR\"},{\"@type\":\"Organization\",\"@id\":\"https:\/\/www.summerhotelcalella.com\/fr\/#organization\",\"name\":\"Summer Hotel\",\"alternateName\":\"Summer Hotel Calella\",\"url\":\"https:\/\/www.summerhotelcalella.com\/fr\/\",\"logo\":{\"@type\":\"ImageObject\",\"inLanguage\":\"fr-FR\",\"@id\":\"https:\/\/www.summerhotelcalella.com\/fr\/#\/schema\/logo\/image\/\",\"url\":\"https:\/\/www.summerhotelcalella.com\/wp-content\/uploads\/2024\/03\/logo-summerhotel_4x.png\",\"contentUrl\":\"https:\/\/www.summerhotelcalella.com\/wp-content\/uploads\/2024\/03\/logo-summerhotel_4x.png\",\"width\":2975,\"height\":617,\"caption\":\"Summer Hotel\"},\"image\":{\"@id\":\"https:\/\/www.summerhotelcalella.com\/fr\/#\/schema\/logo\/image\/\"}}]}<\/script>\n<!-- \/ Yoast SEO plugin. -->","yoast_head_json":{"title":"Politique de cookies &#8226; Summer Hotel Calella","description":"L\u2019H\u00f4tel Summer de Calella, \u00e9quip\u00e9 des meilleurs services, se trouve \u00e0 cinq minutes de la plage et \u00e0 quarante-cinq minutes de Barcelone.","robots":{"index":"index","follow":"follow","max-snippet":"max-snippet:-1","max-image-preview":"max-image-preview:large","max-video-preview":"max-video-preview:-1"},"canonical":"https:\/\/www.summerhotelcalella.com\/fr\/politique-de-cookies\/","og_locale":"fr_FR","og_type":"article","og_title":"Politique de cookies &#8226; Summer Hotel Calella","og_description":"L\u2019H\u00f4tel Summer de Calella, \u00e9quip\u00e9 des meilleurs services, se trouve \u00e0 cinq minutes de la plage et \u00e0 quarante-cinq minutes de Barcelone.","og_url":"https:\/\/www.summerhotelcalella.com\/fr\/politique-de-cookies\/","og_site_name":"Summer Hotel Calella","article_modified_time":"2024-06-13T12:23:18+00:00","og_image":[{"width":1280,"height":853,"url":"https:\/\/www.summerhotelcalella.com\/wp-content\/uploads\/2024\/04\/zonas-summerhotel-01.jpg","type":"image\/jpeg"}],"twitter_card":"summary_large_image","twitter_misc":{"Dur\u00e9e de lecture estim\u00e9e":"6 minutes"},"schema":{"@context":"https:\/\/schema.org","@graph":[{"@type":"WebPage","@id":"https:\/\/www.summerhotelcalella.com\/fr\/politique-de-cookies\/","url":"https:\/\/www.summerhotelcalella.com\/fr\/politique-de-cookies\/","name":"Politique de cookies &#8226; Summer Hotel Calella","isPartOf":{"@id":"https:\/\/www.summerhotelcalella.com\/fr\/#website"},"datePublished":"2024-05-20T17:19:54+00:00","dateModified":"2024-06-13T12:23:18+00:00","description":"L\u2019H\u00f4tel Summer de Calella, \u00e9quip\u00e9 des meilleurs services, se trouve \u00e0 cinq minutes de la plage et \u00e0 quarante-cinq minutes de Barcelone.","breadcrumb":{"@id":"https:\/\/www.summerhotelcalella.com\/fr\/politique-de-cookies\/#breadcrumb"},"inLanguage":"fr-FR","potentialAction":[{"@type":"ReadAction","target":["https:\/\/www.summerhotelcalella.com\/fr\/politique-de-cookies\/"]}]},{"@type":"BreadcrumbList","@id":"https:\/\/www.summerhotelcalella.com\/fr\/politique-de-cookies\/#breadcrumb","itemListElement":[{"@type":"ListItem","position":1,"name":"Portada","item":"https:\/\/www.summerhotelcalella.com\/fr\/domicile\/"},{"@type":"ListItem","position":2,"name":"Politique de cookies"}]},{"@type":"WebSite","@id":"https:\/\/www.summerhotelcalella.com\/fr\/#website","url":"https:\/\/www.summerhotelcalella.com\/fr\/","name":"Summer Hotel Calella","description":"Hotel 4 estrellas en Calella, Barcelona","publisher":{"@id":"https:\/\/www.summerhotelcalella.com\/fr\/#organization"},"alternateName":"Summer Hotel Calella","potentialAction":[{"@type":"SearchAction","target":{"@type":"EntryPoint","urlTemplate":"https:\/\/www.summerhotelcalella.com\/fr\/?s={search_term_string}"},"query-input":{"@type":"PropertyValueSpecification","valueRequired":true,"valueName":"search_term_string"}}],"inLanguage":"fr-FR"},{"@type":"Organization","@id":"https:\/\/www.summerhotelcalella.com\/fr\/#organization","name":"Summer Hotel","alternateName":"Summer Hotel Calella","url":"https:\/\/www.summerhotelcalella.com\/fr\/","logo":{"@type":"ImageObject","inLanguage":"fr-FR","@id":"https:\/\/www.summerhotelcalella.com\/fr\/#\/schema\/logo\/image\/","url":"https:\/\/www.summerhotelcalella.com\/wp-content\/uploads\/2024\/03\/logo-summerhotel_4x.png","contentUrl":"https:\/\/www.summerhotelcalella.com\/wp-content\/uploads\/2024\/03\/logo-summerhotel_4x.png","width":2975,"height":617,"caption":"Summer Hotel"},"image":{"@id":"https:\/\/www.summerhotelcalella.com\/fr\/#\/schema\/logo\/image\/"}}]}},"_links":{"self":[{"href":"https:\/\/www.summerhotelcalella.com\/fr\/wp-json\/wp\/v2\/pages\/1420","targetHints":{"allow":["GET"]}}],"collection":[{"href":"https:\/\/www.summerhotelcalella.com\/fr\/wp-json\/wp\/v2\/pages"}],"about":[{"href":"https:\/\/www.summerhotelcalella.com\/fr\/wp-json\/wp\/v2\/types\/page"}],"author":[{"embeddable":true,"href":"https:\/\/www.summerhotelcalella.com\/fr\/wp-json\/wp\/v2\/users\/1"}],"replies":[{"embeddable":true,"href":"https:\/\/www.summerhotelcalella.com\/fr\/wp-json\/wp\/v2\/comments?post=1420"}],"version-history":[{"count":0,"href":"https:\/\/www.summerhotelcalella.com\/fr\/wp-json\/wp\/v2\/pages\/1420\/revisions"}],"wp:attachment":[{"href":"https:\/\/www.summerhotelcalella.com\/fr\/wp-json\/wp\/v2\/media?parent=1420"}],"curies":[{"name":"wp","href":"https:\/\/api.w.org\/{rel}","templated":true}]}}